{"id":2276,"date":"2025-07-01T12:14:48","date_gmt":"2025-07-01T11:14:48","guid":{"rendered":"https:\/\/www.calvelex.com\/?page_id=2276"},"modified":"2025-07-01T14:48:59","modified_gmt":"2025-07-01T13:48:59","slug":"accessibility-statement","status":"publish","type":"page","link":"https:\/\/www.calvelex.com\/pt\/accessibility-statement\/","title":{"rendered":"ACCESSIBILITY STATEMENT"},"content":{"rendered":"<div data-elementor-type=\"wp-page\" data-elementor-id=\"2276\" class=\"elementor elementor-2276\" data-elementor-post-type=\"page\">\n\t\t\t\t<div class=\"elementor-element elementor-element-c991a34 e-flex e-con-boxed e-con e-parent\" data-id=\"c991a34\" data-element_type=\"container\" data-e-type=\"container\">\n\t\t\t\t\t<div class=\"e-con-inner\">\n\t\t<div class=\"elementor-element elementor-element-afadb21 e-con-full e-flex e-con e-child\" data-id=\"afadb21\" data-element_type=\"container\" data-e-type=\"container\">\n\t\t\t\t<div class=\"elementor-element elementor-element-30080be elementor-widget elementor-widget-heading\" data-id=\"30080be\" data-element_type=\"widget\" data-e-type=\"widget\" data-widget_type=\"heading.default\">\n\t\t\t\t<div class=\"elementor-widget-container\">\n\t\t\t\t\t<h2 class=\"elementor-heading-title elementor-size-default\">ACCESSIBILITY STATEMENT<\/h2>\t\t\t\t<\/div>\n\t\t\t\t<\/div>\n\t\t\t\t<div class=\"elementor-element elementor-element-e606e6c elementor-widget elementor-widget-text-editor\" data-id=\"e606e6c\" data-element_type=\"widget\" data-e-type=\"widget\" data-widget_type=\"text-editor.default\">\n\t\t\t\t<div class=\"elementor-widget-container\">\n\t\t\t\t\t\t\t\t\t<div class=\"elementor-element elementor-element-70046b4 elementor-widget elementor-widget-heading\" data-id=\"70046b4\" data-element_type=\"widget\" data-widget_type=\"heading.default\"><div class=\"elementor-widget-container\"><div class=\"elementor-element elementor-element-60d384d elementor-widget elementor-widget-text-editor\" data-id=\"60d384d\" data-element_type=\"widget\" data-widget_type=\"text-editor.default\"><div class=\"elementor-widget-container\"><div class=\"elementor-element elementor-element-f688b64 elementor-widget elementor-widget-text-editor\" data-id=\"f688b64\" data-element_type=\"widget\" data-widget_type=\"text-editor.default\"><div class=\"elementor-widget-container\"><div class=\"elementor-element elementor-element-6a90cb5 elementor-widget elementor-widget-text-editor\" data-id=\"6a90cb5\" data-element_type=\"widget\" data-widget_type=\"text-editor.default\"><div class=\"elementor-widget-container\"><p data-start=\"245\" data-end=\"377\">At\u00a0<strong data-start=\"248\" data-end=\"267\">Calvelex<\/strong>, we are committed to ensuring that our website is accessible to all users, including those with disabilities.<\/p><p data-start=\"379\" data-end=\"551\">We aim to make our website easy to use and navigate for everyone. We are continuously working to improve accessibility and provide an inclusive experience for all visitors.<\/p><p data-start=\"553\" data-end=\"799\">Following an accessibility evaluation, our website is currently partially compliant with the Web Content Accessibility Guidelines (WCAG) 2.1, level AA, due to a small number of non-conformities that we are actively working to resolve.<\/p><p data-start=\"801\" data-end=\"937\">If you experience any difficulty accessing content on this site, or if you have suggestions to improve accessibility, please contact us:<\/p><p data-start=\"939\" data-end=\"1102\"><strong data-start=\"939\" data-end=\"949\">Email:<\/strong>\u00a0<a class=\"cursor-pointer\" rel=\"noopener\" data-start=\"950\" data-end=\"977\">calvelex@calvelex.com<\/a><br data-start=\"977\" data-end=\"980\" \/><strong data-start=\"980\" data-end=\"990\">Phone:<\/strong> +351 255 880 320<\/p><p data-start=\"1104\" data-end=\"1187\">We aim to respond to all accessibility-related requests within 15 working days.<\/p><p data-start=\"1189\" data-end=\"1431\">If you are not satisfied with our response, you can file a complaint with the Ag\u00eancia para a Moderniza\u00e7\u00e3o Administrativa (AMA) via the official accessibility portal:<br data-start=\"1358\" data-end=\"1361\" \/><a class=\"\" href=\"https:\/\/www.acessibilidade.gov.pt\/\" rel=\"noopener\" data-start=\"1361\" data-end=\"1431\">https:\/\/www.acessibilidade.gov.pt<\/a><\/p><p data-start=\"1433\" data-end=\"1481\">Your feedback is important and helps us improve.<\/p><\/div><\/div><\/div><\/div><\/div><\/div><\/div><\/div>\t\t\t\t\t\t\t\t<\/div>\n\t\t\t\t<\/div>\n\t\t\t\t<\/div>\n\t\t\t\t\t<\/div>\n\t\t\t\t<\/div>\n\t\t\t\t<\/div>","protected":false},"excerpt":{"rendered":"<p>ACCESSIBILITY STATEMENT At\u00a0Calvelex, we are committed to ensuring that our website is accessible to all users, including those with disabilities. We aim to make our website easy to use and navigate for everyone. We are continuously working to improve accessibility and provide an inclusive experience for all visitors. Following an accessibility evaluation, our website is [&hellip;]<\/p>\n","protected":false},"author":2,"featured_media":0,"parent":0,"menu_order":0,"comment_status":"closed","ping_status":"closed","template":"","meta":{"footnotes":""},"class_list":["post-2276","page","type-page","status-publish","hentry"],"_links":{"self":[{"href":"https:\/\/www.calvelex.com\/pt\/wp-json\/wp\/v2\/pages\/2276","targetHints":{"allow":["GET"]}}],"collection":[{"href":"https:\/\/www.calvelex.com\/pt\/wp-json\/wp\/v2\/pages"}],"about":[{"href":"https:\/\/www.calvelex.com\/pt\/wp-json\/wp\/v2\/types\/page"}],"author":[{"embeddable":true,"href":"https:\/\/www.calvelex.com\/pt\/wp-json\/wp\/v2\/users\/2"}],"replies":[{"embeddable":true,"href":"https:\/\/www.calvelex.com\/pt\/wp-json\/wp\/v2\/comments?post=2276"}],"version-history":[{"count":5,"href":"https:\/\/www.calvelex.com\/pt\/wp-json\/wp\/v2\/pages\/2276\/revisions"}],"predecessor-version":[{"id":2286,"href":"https:\/\/www.calvelex.com\/pt\/wp-json\/wp\/v2\/pages\/2276\/revisions\/2286"}],"wp:attachment":[{"href":"https:\/\/www.calvelex.com\/pt\/wp-json\/wp\/v2\/media?parent=2276"}],"curies":[{"name":"wp","href":"https:\/\/api.w.org\/{rel}","templated":true}]}}