{"id":1838,"date":"2024-09-20T12:54:10","date_gmt":"2024-09-20T11:54:10","guid":{"rendered":"https:\/\/www.calvelex.com\/?page_id=1838"},"modified":"2024-09-23T12:51:18","modified_gmt":"2024-09-23T11:51:18","slug":"portal-da-denuncia","status":"publish","type":"page","link":"https:\/\/www.calvelex.com\/pt\/portal-da-denuncia\/","title":{"rendered":"PORTAL DE DEN\u00daNCIA"},"content":{"rendered":"\t\t<div data-elementor-type=\"wp-page\" data-elementor-id=\"1838\" class=\"elementor elementor-1838\" data-elementor-post-type=\"page\">\n\t\t\t\t<div class=\"elementor-element elementor-element-462120e e-flex e-con-boxed e-con e-parent\" data-id=\"462120e\" data-element_type=\"container\" data-e-type=\"container\">\n\t\t\t\t\t<div class=\"e-con-inner\">\n\t\t\t\t<div class=\"elementor-element elementor-element-c5eade9 elementor-widget elementor-widget-heading\" data-id=\"c5eade9\" data-element_type=\"widget\" data-e-type=\"widget\" data-widget_type=\"heading.default\">\n\t\t\t\t<div class=\"elementor-widget-container\">\n\t\t\t\t\t<h2 class=\"elementor-heading-title elementor-size-default\">PORTAL DA DEN\u00daNCIA<\/h2>\t\t\t\t<\/div>\n\t\t\t\t<\/div>\n\t\t\t\t<div class=\"elementor-element elementor-element-cb49a19 elementor-widget elementor-widget-text-editor\" data-id=\"cb49a19\" data-element_type=\"widget\" data-e-type=\"widget\" data-widget_type=\"text-editor.default\">\n\t\t\t\t<div class=\"elementor-widget-container\">\n\t\t\t\t\t\t\t\t\t<div class=\"elementor-element elementor-element-70046b4 elementor-widget elementor-widget-heading\" data-id=\"70046b4\" data-element_type=\"widget\" data-widget_type=\"heading.default\"><div class=\"elementor-widget-container\"><div class=\"elementor-element elementor-element-60d384d elementor-widget elementor-widget-text-editor\" data-id=\"60d384d\" data-element_type=\"widget\" data-widget_type=\"text-editor.default\"><div class=\"elementor-widget-container\"><div class=\"elementor-element elementor-element-f688b64 elementor-widget elementor-widget-text-editor\" data-id=\"f688b64\" data-element_type=\"widget\" data-widget_type=\"text-editor.default\"><div class=\"elementor-widget-container\"><div class=\"elementor-element elementor-element-bca2181 elementor-widget elementor-widget-text-editor\" data-id=\"bca2181\" data-element_type=\"widget\" data-widget_type=\"text-editor.default\"><div class=\"elementor-widget-container\"><p class=\"product-item-brand\">Esta p\u00e1gina destina-se a receber den\u00fancias, relatos de suspeitas ou de conhecimento efetivo de transgress\u00f5es que estejam a ocorrer ou que possam vir a ocorrer na sequ\u00eancia de atos ou omiss\u00f5es praticadas no contexto das atividades exercida por esta empresa.<\/p><p class=\"product-item-brand\">Com a submiss\u00e3o desta den\u00fancia, o denunciante declara expressamente que est\u00e1 a relatar factos reais no momento da den\u00fancia. Em caso de den\u00fancias que n\u00e3o estejam relacionadas com a atividades desenvolvidas pela empresa, ou fora do per\u00edodo temporal admitido, estas n\u00e3o ser\u00e3o consideradas para efeitos de investiga\u00e7\u00e3o.<\/p><p class=\"product-item-brand\">Nessas situa\u00e7\u00f5es, e estando identificado, o denunciante ser\u00e1 informado dessa decis\u00e3o.<\/p><p class=\"product-item-brand\">Em caso de den\u00fancias de atos ou omiss\u00f5es pass\u00edveis de configurar a pr\u00e1tica de crimes, o seu conte\u00fado ser\u00e1 encaminhado para as autoridades competentes, caso em que a empresa poder\u00e1 ser chamada a colaborar no \u00e2mbito do dever de coopera\u00e7\u00e3o, ficando em todo o caso salvaguardado o regime de sigilo e confidencialidade aplic\u00e1veis.<\/p><p class=\"product-item-brand\">As den\u00fancias recebidas atrav\u00e9s desta p\u00e1gina ser\u00e3o conservadas, nos termos da Lei, por um per\u00edodo n\u00e3o inferior a 5 (cinco) anos.<\/p><\/div><\/div><\/div><\/div><\/div><\/div><\/div><\/div>\t\t\t\t\t\t\t\t<\/div>\n\t\t\t\t<\/div>\n\t\t\t\t\t<\/div>\n\t\t\t\t<\/div>\n\t\t<div class=\"elementor-element elementor-element-f4290e5 e-flex e-con-boxed e-con e-parent\" data-id=\"f4290e5\" data-element_type=\"container\" data-e-type=\"container\">\n\t\t\t\t\t<div class=\"e-con-inner\">\n\t\t\t\t<div class=\"elementor-element elementor-element-43c2ac7 elementor-widget__width-initial elementor-widget elementor-widget-wpforms\" data-id=\"43c2ac7\" data-element_type=\"widget\" data-e-type=\"widget\" data-widget_type=\"wpforms.default\">\n\t\t\t\t<div class=\"elementor-widget-container\">\n\t\t\t\t\t<style id=\"wpforms-css-vars-elementor-widget-43c2ac7\">\n\t\t\t\t.elementor-widget-wpforms.elementor-element-43c2ac7 {\n\t\t\t\t--wpforms-button-background-color: #95B2A3;\n\t\t\t}\n\t\t\t<\/style><div class=\"wpforms-container wpforms-container-full wpforms-render-modern\" id=\"wpforms-1911\"><form id=\"wpforms-form-1911\" class=\"wpforms-validate wpforms-form\" data-formid=\"1911\" method=\"post\" enctype=\"multipart\/form-data\" action=\"\/pt\/wp-json\/wp\/v2\/pages\/1838?wpforms_form_id=1911\" data-token=\"c64d4c8782d149fb861f9f57eed4567e\" data-token-time=\"1776296125\"><noscript class=\"wpforms-error-noscript\">Please enable JavaScript in your browser to complete this form.<\/noscript><div id=\"wpforms-error-noscript\" style=\"display: none;\">Please enable JavaScript in your browser to complete this form.<\/div><div class=\"wpforms-field-container\"><div id=\"wpforms-1911-field_1-container\" class=\"wpforms-field wpforms-field-radio wpforms-conditional-trigger\" data-field-id=\"1\"><fieldset><legend class=\"wpforms-field-label\">Deseja fazer uma den\u00fancia an\u00f3nima? <span class=\"wpforms-required-label\" aria-hidden=\"true\">*<\/span><\/legend><ul id=\"wpforms-1911-field_1\" class=\"wpforms-field-required\"><li class=\"choice-4 depth-1\"><input type=\"radio\" id=\"wpforms-1911-field_1_4\" name=\"wpforms[fields][1]\" value=\"Sim\" aria-errormessage=\"wpforms-1911-field_1_4-error\" required ><label class=\"wpforms-field-label-inline\" for=\"wpforms-1911-field_1_4\">Sim<\/label><\/li><li class=\"choice-2 depth-1\"><input type=\"radio\" id=\"wpforms-1911-field_1_2\" name=\"wpforms[fields][1]\" value=\"N\u00e3o\" aria-errormessage=\"wpforms-1911-field_1_2-error\" required ><label class=\"wpforms-field-label-inline\" for=\"wpforms-1911-field_1_2\">N\u00e3o<\/label><\/li><\/ul><\/fieldset><\/div><div id=\"wpforms-1911-field_4-container\" class=\"wpforms-field wpforms-field-name wpforms-conditional-field wpforms-conditional-show\" data-field-id=\"4\" style=\"display:none;\"><fieldset><legend class=\"wpforms-field-label\">Nome <span class=\"wpforms-required-label\" aria-hidden=\"true\">*<\/span><\/legend><div class=\"wpforms-field-row wpforms-field-medium\"><div class=\"wpforms-field-row-block wpforms-first wpforms-one-half\"><input type=\"text\" id=\"wpforms-1911-field_4\" class=\"wpforms-field-name-first wpforms-field-required\" name=\"wpforms[fields][4][first]\" aria-errormessage=\"wpforms-1911-field_4-error\" required><label for=\"wpforms-1911-field_4\" class=\"wpforms-field-sublabel after\">First<\/label><\/div><div class=\"wpforms-field-row-block wpforms-one-half\"><input type=\"text\" id=\"wpforms-1911-field_4-last\" class=\"wpforms-field-name-last wpforms-field-required\" name=\"wpforms[fields][4][last]\" aria-errormessage=\"wpforms-1911-field_4-last-error\" required><label for=\"wpforms-1911-field_4-last\" class=\"wpforms-field-sublabel after\">Last<\/label><\/div><\/div><\/fieldset><\/div><div id=\"wpforms-1911-field_6-container\" class=\"wpforms-field wpforms-field-email wpforms-conditional-field wpforms-conditional-show\" data-field-id=\"6\" style=\"display:none;\"><label class=\"wpforms-field-label\" for=\"wpforms-1911-field_6\">Email <span class=\"wpforms-required-label\" aria-hidden=\"true\">*<\/span><\/label><input type=\"email\" id=\"wpforms-1911-field_6\" class=\"wpforms-field-medium wpforms-field-required\" name=\"wpforms[fields][6]\" spellcheck=\"false\" aria-errormessage=\"wpforms-1911-field_6-error\" required><\/div><div id=\"wpforms-1911-field_7-container\" class=\"wpforms-field wpforms-field-phone wpforms-conditional-field wpforms-conditional-show\" data-field-id=\"7\" style=\"display:none;\"><label class=\"wpforms-field-label\" for=\"wpforms-1911-field_7\">Contacto Tlf\/Tlm<\/label><input type=\"tel\" id=\"wpforms-1911-field_7\" class=\"wpforms-field-medium wpforms-smart-phone-field\" data-rule-smart-phone-field=\"true\" name=\"wpforms[fields][7]\" aria-label=\"Contacto Tlf\/Tlm\" aria-errormessage=\"wpforms-1911-field_7-error\" ><\/div><div id=\"wpforms-1911-field_8-container\" class=\"wpforms-field wpforms-field-select wpforms-field-select-style-classic\" data-field-id=\"8\"><label class=\"wpforms-field-label\" for=\"wpforms-1911-field_8\">Unidade Produtiva<\/label><select id=\"wpforms-1911-field_8\" class=\"wpforms-field-medium\" name=\"wpforms[fields][8]\"><option value=\"Lustosa\"  class=\"choice-1 depth-1\"  >Lustosa<\/option><option value=\"Matosinhos\"  class=\"choice-2 depth-1\"  >Matosinhos<\/option><option value=\"Carvalhos\"  class=\"choice-3 depth-1\"  >Carvalhos<\/option><option value=\"Vila do Conde\"  class=\"choice-4 depth-1\"  >Vila do Conde<\/option><\/select><\/div><div id=\"wpforms-1911-field_11-container\" class=\"wpforms-field wpforms-field-textarea\" data-field-id=\"11\"><label class=\"wpforms-field-label\" for=\"wpforms-1911-field_11\">Descri\u00e7\u00e3o detalhada da irregularidade *<\/label><textarea id=\"wpforms-1911-field_11\" class=\"wpforms-field-medium\" name=\"wpforms[fields][11]\" aria-errormessage=\"wpforms-1911-field_11-error\" ><\/textarea><\/div><div id=\"wpforms-1911-field_12-container\" class=\"wpforms-field wpforms-field-textarea\" data-field-id=\"12\"><label class=\"wpforms-field-label\" for=\"wpforms-1911-field_12\">Pessoa(s) respons\u00e1vel(eis) pela(s) irregularidade(s)<\/label><textarea id=\"wpforms-1911-field_12\" class=\"wpforms-field-medium\" name=\"wpforms[fields][12]\" aria-errormessage=\"wpforms-1911-field_12-error\" ><\/textarea><\/div><div id=\"wpforms-1911-field_13-container\" class=\"wpforms-field wpforms-field-textarea\" data-field-id=\"13\"><label class=\"wpforms-field-label\" for=\"wpforms-1911-field_13\">Momento da ocorr\u00eancia (indicar se a irregularidade ainda se mant\u00e9m)<\/label><textarea id=\"wpforms-1911-field_13\" class=\"wpforms-field-medium\" name=\"wpforms[fields][13]\" aria-errormessage=\"wpforms-1911-field_13-error\" ><\/textarea><\/div><div id=\"wpforms-1911-field_14-container\" class=\"wpforms-field wpforms-field-textarea\" data-field-id=\"14\"><label class=\"wpforms-field-label\" for=\"wpforms-1911-field_14\">Quantificar, se poss\u00edvel, os impactos financeiros<\/label><textarea id=\"wpforms-1911-field_14\" class=\"wpforms-field-medium\" name=\"wpforms[fields][14]\" aria-errormessage=\"wpforms-1911-field_14-error\" ><\/textarea><\/div><div id=\"wpforms-1911-field_15-container\" class=\"wpforms-field wpforms-field-textarea\" data-field-id=\"15\"><label class=\"wpforms-field-label\" for=\"wpforms-1911-field_15\">Outras informa\u00e7\u00f5es<\/label><textarea id=\"wpforms-1911-field_15\" class=\"wpforms-field-medium\" name=\"wpforms[fields][15]\" aria-errormessage=\"wpforms-1911-field_15-error\" ><\/textarea><\/div><div id=\"wpforms-1911-field_16-container\" class=\"wpforms-field wpforms-field-file-upload\" data-field-id=\"16\"><label class=\"wpforms-field-label\" for=\"wpforms-1911-field_16\">Enviar ficheiros (*.docx, *.xlsx, *.png, *.jpg, *.pdf, *.zip)<\/label><div\n\t\tclass=\"wpforms-uploader \"\n\t\tdata-field-id=\"16\"\n\t\tdata-form-id=\"1911\"\n\t\tdata-input-name=\"wpforms_1911_16\"\n\t\tdata-extensions=\"docx,xlsx,png,jpg,pdf,zip\"\n\t\tdata-max-size=\"10485760\"\n\t\tdata-max-file-number=\"1\"\n\t\tdata-post-max-size=\"33554432\"\n\t\tdata-max-parallel-uploads=\"4\"\n\t\tdata-parallel-uploads=\"true\"\n\t\tdata-file-chunk-size=\"2097152\">\n\t<div class=\"dz-message\">\n\t\t<svg  viewBox=\"0 0 640 640\" focusable=\"false\" data-icon=\"inbox\" width=\"50px\" height=\"50px\" fill=\"currentColor\" aria-hidden=\"true\">\n\t\t\t<path d=\"M352 173.3L352 384C352 401.7 337.7 416 320 416C302.3 416 288 401.7 288 384L288 173.3L246.6 214.7C234.1 227.2 213.8 227.2 201.3 214.7C188.8 202.2 188.8 181.9 201.3 169.4L297.3 73.4C309.8 60.9 330.1 60.9 342.6 73.4L438.6 169.4C451.1 181.9 451.1 202.2 438.6 214.7C426.1 227.2 405.8 227.2 393.3 214.7L352 173.3zM320 464C364.2 464 400 428.2 400 384L480 384C515.3 384 544 412.7 544 448L544 480C544 515.3 515.3 544 480 544L160 544C124.7 544 96 515.3 96 480L96 448C96 412.7 124.7 384 160 384L240 384C240 428.2 275.8 464 320 464zM464 488C477.3 488 488 477.3 488 464C488 450.7 477.3 440 464 440C450.7 440 440 450.7 440 464C440 477.3 450.7 488 464 488z\"\/>\n\t\t<\/svg>\n\n\t\t<span class=\"modern-title\">\n\t\t\t\t\t\t\tDrag &amp; Drop Files, \t\t\t\t<span>Choose Files to Upload<\/span>\n\t\t\t\t\t<\/span>\n\n\t\t\t<\/div>\n<\/div>\n\n<input\n\t\ttype=\"text\"\n\t\tautocomplete=\"off\"\n\t\treadonly\n\t\tclass=\"dropzone-input\"\n\t\tstyle=\"position:absolute!important;clip:rect(0,0,0,0)!important;height:1px!important;width:1px!important;border:0!important;overflow:hidden!important;padding:0!important;margin:0!important;\"\n\t\tid=\"wpforms-1911-field_16\"\n\t\tname=\"wpforms_1911_16\" \t\tvalue=\"\">\n<\/div><div id=\"wpforms-1911-field_17-container\" class=\"wpforms-field wpforms-field-file-upload\" data-field-id=\"17\"><label class=\"wpforms-field-label\" for=\"wpforms-1911-field_17\">Enviar ficheiros (*.docx, *.xlsx, *.png, *.jpg, *.pdf, *.zip)<\/label><div\n\t\tclass=\"wpforms-uploader \"\n\t\tdata-field-id=\"17\"\n\t\tdata-form-id=\"1911\"\n\t\tdata-input-name=\"wpforms_1911_17\"\n\t\tdata-extensions=\"docx,xlsx,png,jpg,pdf,zip\"\n\t\tdata-max-size=\"10485760\"\n\t\tdata-max-file-number=\"1\"\n\t\tdata-post-max-size=\"33554432\"\n\t\tdata-max-parallel-uploads=\"4\"\n\t\tdata-parallel-uploads=\"true\"\n\t\tdata-file-chunk-size=\"2097152\">\n\t<div class=\"dz-message\">\n\t\t<svg  viewBox=\"0 0 640 640\" focusable=\"false\" data-icon=\"inbox\" width=\"50px\" height=\"50px\" fill=\"currentColor\" aria-hidden=\"true\">\n\t\t\t<path d=\"M352 173.3L352 384C352 401.7 337.7 416 320 416C302.3 416 288 401.7 288 384L288 173.3L246.6 214.7C234.1 227.2 213.8 227.2 201.3 214.7C188.8 202.2 188.8 181.9 201.3 169.4L297.3 73.4C309.8 60.9 330.1 60.9 342.6 73.4L438.6 169.4C451.1 181.9 451.1 202.2 438.6 214.7C426.1 227.2 405.8 227.2 393.3 214.7L352 173.3zM320 464C364.2 464 400 428.2 400 384L480 384C515.3 384 544 412.7 544 448L544 480C544 515.3 515.3 544 480 544L160 544C124.7 544 96 515.3 96 480L96 448C96 412.7 124.7 384 160 384L240 384C240 428.2 275.8 464 320 464zM464 488C477.3 488 488 477.3 488 464C488 450.7 477.3 440 464 440C450.7 440 440 450.7 440 464C440 477.3 450.7 488 464 488z\"\/>\n\t\t<\/svg>\n\n\t\t<span class=\"modern-title\">\n\t\t\t\t\t\t\tDrag &amp; Drop Files, \t\t\t\t<span>Choose Files to Upload<\/span>\n\t\t\t\t\t<\/span>\n\n\t\t\t<\/div>\n<\/div>\n\n<input\n\t\ttype=\"text\"\n\t\tautocomplete=\"off\"\n\t\treadonly\n\t\tclass=\"dropzone-input\"\n\t\tstyle=\"position:absolute!important;clip:rect(0,0,0,0)!important;height:1px!important;width:1px!important;border:0!important;overflow:hidden!important;padding:0!important;margin:0!important;\"\n\t\tid=\"wpforms-1911-field_17\"\n\t\tname=\"wpforms_1911_17\" \t\tvalue=\"\">\n<\/div><div id=\"wpforms-1911-field_18-container\" class=\"wpforms-field wpforms-field-file-upload\" data-field-id=\"18\"><label class=\"wpforms-field-label\" for=\"wpforms-1911-field_18\">Enviar ficheiros (*.docx, *.xlsx, *.png, *.jpg, *.pdf, *.zip)<\/label><div\n\t\tclass=\"wpforms-uploader \"\n\t\tdata-field-id=\"18\"\n\t\tdata-form-id=\"1911\"\n\t\tdata-input-name=\"wpforms_1911_18\"\n\t\tdata-extensions=\"docx,xlsx,png,jpg,pdf,zip\"\n\t\tdata-max-size=\"10485760\"\n\t\tdata-max-file-number=\"1\"\n\t\tdata-post-max-size=\"33554432\"\n\t\tdata-max-parallel-uploads=\"4\"\n\t\tdata-parallel-uploads=\"true\"\n\t\tdata-file-chunk-size=\"2097152\">\n\t<div class=\"dz-message\">\n\t\t<svg  viewBox=\"0 0 640 640\" focusable=\"false\" data-icon=\"inbox\" width=\"50px\" height=\"50px\" fill=\"currentColor\" aria-hidden=\"true\">\n\t\t\t<path d=\"M352 173.3L352 384C352 401.7 337.7 416 320 416C302.3 416 288 401.7 288 384L288 173.3L246.6 214.7C234.1 227.2 213.8 227.2 201.3 214.7C188.8 202.2 188.8 181.9 201.3 169.4L297.3 73.4C309.8 60.9 330.1 60.9 342.6 73.4L438.6 169.4C451.1 181.9 451.1 202.2 438.6 214.7C426.1 227.2 405.8 227.2 393.3 214.7L352 173.3zM320 464C364.2 464 400 428.2 400 384L480 384C515.3 384 544 412.7 544 448L544 480C544 515.3 515.3 544 480 544L160 544C124.7 544 96 515.3 96 480L96 448C96 412.7 124.7 384 160 384L240 384C240 428.2 275.8 464 320 464zM464 488C477.3 488 488 477.3 488 464C488 450.7 477.3 440 464 440C450.7 440 440 450.7 440 464C440 477.3 450.7 488 464 488z\"\/>\n\t\t<\/svg>\n\n\t\t<span class=\"modern-title\">\n\t\t\t\t\t\t\tDrag &amp; Drop Files, \t\t\t\t<span>Choose Files to Upload<\/span>\n\t\t\t\t\t<\/span>\n\n\t\t\t<\/div>\n<\/div>\n\n<input\n\t\ttype=\"text\"\n\t\tautocomplete=\"off\"\n\t\treadonly\n\t\tclass=\"dropzone-input\"\n\t\tstyle=\"position:absolute!important;clip:rect(0,0,0,0)!important;height:1px!important;width:1px!important;border:0!important;overflow:hidden!important;padding:0!important;margin:0!important;\"\n\t\tid=\"wpforms-1911-field_18\"\n\t\tname=\"wpforms_1911_18\" \t\tvalue=\"\">\n<\/div><div id=\"wpforms-1911-field_22-container\" class=\"wpforms-field wpforms-field-checkbox\" data-field-id=\"22\"><fieldset><legend class=\"wpforms-field-label wpforms-label-hide\" aria-hidden=\"false\"> <span class=\"wpforms-required-label\" aria-hidden=\"true\">*<\/span><\/legend><ul id=\"wpforms-1911-field_22\" class=\"wpforms-field-required\"><li class=\"choice-1 depth-1\"><input type=\"checkbox\" id=\"wpforms-1911-field_22_1\" name=\"wpforms[fields][22][]\" value=\"Declaro que esta den\u00fancia foi submetida de acordo com a verdade e em boa f\u00e9.\" aria-errormessage=\"wpforms-1911-field_22_1-error\" required ><label class=\"wpforms-field-label-inline\" for=\"wpforms-1911-field_22_1\">Declaro que esta den\u00fancia foi submetida de acordo com a verdade e em boa f\u00e9.<\/label><\/li><\/ul><\/fieldset><\/div><div id=\"wpforms-1911-field_19-container\" class=\"wpforms-field wpforms-field-gdpr-checkbox\" data-field-id=\"19\"><label class=\"wpforms-field-label wpforms-label-hide\" aria-hidden=\"false\">Acordo RGPD <span class=\"wpforms-required-label\" aria-hidden=\"true\">*<\/span><\/label><ul id=\"wpforms-1911-field_19\" class=\"wpforms-field-required\"><li class=\"choice-1\"><input type=\"checkbox\" id=\"wpforms-1911-field_19_1\" name=\"wpforms[fields][19][]\" value=\"Li e concordo com a &lt;a href=&quot;https:\/\/www.calvelex.com\/privacy-policy\/&quot;&gt;Politica de Privacidade&lt;\/a&gt; e que a informa\u00e7\u00e3o submetida seja guardada neste website.\" aria-errormessage=\"wpforms-1911-field_19_1-error\" required ><label class=\"wpforms-field-label-inline\" for=\"wpforms-1911-field_19_1\">Li e concordo com a <a href=\"https:\/\/www.calvelex.com\/privacy-policy\/\">Politica de Privacidade<\/a> e que a informa\u00e7\u00e3o submetida seja guardada neste website. <span class=\"wpforms-required-label\" aria-hidden=\"true\">*<\/span><\/label><\/li><\/ul><\/div><\/div><!-- .wpforms-field-container --><div class=\"wpforms-field wpforms-field-hp\"><label for=\"wpforms-1911-field-hp\" class=\"wpforms-field-label\">Phone<\/label><input type=\"text\" name=\"wpforms[hp]\" id=\"wpforms-1911-field-hp\" class=\"wpforms-field-medium\"><\/div><div class=\"wpforms-recaptcha-container wpforms-is-recaptcha wpforms-is-recaptcha-type-invisible\" ><div class=\"g-recaptcha\" data-sitekey=\"6Lfh4twUAAAAAFGNsNlyC9odezsYhEq6Y0Ga1Z4k\" data-size=\"invisible\"><\/div><\/div><div class=\"wpforms-submit-container\" ><input type=\"hidden\" name=\"wpforms[id]\" value=\"1911\"><input type=\"hidden\" name=\"page_title\" value=\"\"><input type=\"hidden\" name=\"page_url\" value=\"https:\/\/www.calvelex.com\/pt\/wp-json\/wp\/v2\/pages\/1838\"><input type=\"hidden\" name=\"url_referer\" value=\"\"><button type=\"submit\" name=\"wpforms[submit]\" id=\"wpforms-submit-1911\" class=\"wpforms-submit\" data-alt-text=\"A Enviar...\" data-submit-text=\"Enviar\" aria-live=\"assertive\" value=\"wpforms-submit\">Enviar<\/button><\/div><\/form><\/div>  <!-- .wpforms-container -->\t\t\t\t<\/div>\n\t\t\t\t<\/div>\n\t\t\t\t\t<\/div>\n\t\t\t\t<\/div>\n\t\t\t\t<\/div>\n\t\t","protected":false},"excerpt":{"rendered":"<p>PORTAL DA DEN\u00daNCIA Esta p\u00e1gina destina-se a receber den\u00fancias, relatos de suspeitas ou de conhecimento efetivo de transgress\u00f5es que estejam a ocorrer ou que possam vir a ocorrer na sequ\u00eancia de atos ou omiss\u00f5es praticadas no contexto das atividades exercida por esta empresa. Com a submiss\u00e3o desta den\u00fancia, o denunciante declara expressamente que est\u00e1 a [&hellip;]<\/p>\n","protected":false},"author":2,"featured_media":0,"parent":0,"menu_order":0,"comment_status":"closed","ping_status":"closed","template":"","meta":{"footnotes":""},"class_list":["post-1838","page","type-page","status-publish","hentry"],"_links":{"self":[{"href":"https:\/\/www.calvelex.com\/pt\/wp-json\/wp\/v2\/pages\/1838","targetHints":{"allow":["GET"]}}],"collection":[{"href":"https:\/\/www.calvelex.com\/pt\/wp-json\/wp\/v2\/pages"}],"about":[{"href":"https:\/\/www.calvelex.com\/pt\/wp-json\/wp\/v2\/types\/page"}],"author":[{"embeddable":true,"href":"https:\/\/www.calvelex.com\/pt\/wp-json\/wp\/v2\/users\/2"}],"replies":[{"embeddable":true,"href":"https:\/\/www.calvelex.com\/pt\/wp-json\/wp\/v2\/comments?post=1838"}],"version-history":[{"count":16,"href":"https:\/\/www.calvelex.com\/pt\/wp-json\/wp\/v2\/pages\/1838\/revisions"}],"predecessor-version":[{"id":1992,"href":"https:\/\/www.calvelex.com\/pt\/wp-json\/wp\/v2\/pages\/1838\/revisions\/1992"}],"wp:attachment":[{"href":"https:\/\/www.calvelex.com\/pt\/wp-json\/wp\/v2\/media?parent=1838"}],"curies":[{"name":"wp","href":"https:\/\/api.w.org\/{rel}","templated":true}]}}