{"id":109,"date":"2023-11-28T17:23:51","date_gmt":"2023-11-28T17:23:51","guid":{"rendered":"https:\/\/www.calvelex.com\/?page_id=109"},"modified":"2025-07-11T12:03:50","modified_gmt":"2025-07-11T11:03:50","slug":"careers","status":"publish","type":"page","link":"https:\/\/www.calvelex.com\/pt\/careers\/","title":{"rendered":"CARREIRAS"},"content":{"rendered":"\t\t<div data-elementor-type=\"wp-page\" data-elementor-id=\"109\" class=\"elementor elementor-109\" data-elementor-post-type=\"page\">\n\t\t\t\t<div class=\"elementor-element elementor-element-2ff39cc e-flex e-con-boxed e-con e-parent\" data-id=\"2ff39cc\" data-element_type=\"container\" data-e-type=\"container\" data-settings=\"{&quot;background_background&quot;:&quot;classic&quot;}\">\n\t\t\t\t\t<div class=\"e-con-inner\">\n\t\t\t\t<div class=\"elementor-element elementor-element-4bd67a6 elementor-widget elementor-widget-heading\" data-id=\"4bd67a6\" data-element_type=\"widget\" data-e-type=\"widget\" data-widget_type=\"heading.default\">\n\t\t\t\t<div class=\"elementor-widget-container\">\n\t\t\t\t\t<h1 class=\"elementor-heading-title elementor-size-default\">CALVELEX<\/h1>\t\t\t\t<\/div>\n\t\t\t\t<\/div>\n\t\t\t\t<div class=\"elementor-element elementor-element-940b27e elementor-widget elementor-widget-heading\" data-id=\"940b27e\" data-element_type=\"widget\" data-e-type=\"widget\" data-widget_type=\"heading.default\">\n\t\t\t\t<div class=\"elementor-widget-container\">\n\t\t\t\t\t<h3 class=\"elementor-heading-title elementor-size-default\">RECRUTAMENTO<\/h3>\t\t\t\t<\/div>\n\t\t\t\t<\/div>\n\t\t\t\t\t<\/div>\n\t\t\t\t<\/div>\n\t\t<div class=\"elementor-element elementor-element-7a7692a e-flex e-con-boxed e-con e-parent\" data-id=\"7a7692a\" data-element_type=\"container\" data-e-type=\"container\">\n\t\t\t\t\t<div class=\"e-con-inner\">\n\t\t\t\t<div class=\"elementor-element elementor-element-0c3fdbd elementor-widget elementor-widget-heading\" data-id=\"0c3fdbd\" data-element_type=\"widget\" data-e-type=\"widget\" data-widget_type=\"heading.default\">\n\t\t\t\t<div class=\"elementor-widget-container\">\n\t\t\t\t\t<h1 class=\"elementor-heading-title elementor-size-default\">VAGAS DISPON\u00cdVEIS<\/h1>\t\t\t\t<\/div>\n\t\t\t\t<\/div>\n\t\t\t\t<div class=\"elementor-element elementor-element-5955c16 elementor--h-position-center elementor--v-position-middle elementor-arrows-position-inside elementor-widget elementor-widget-slides\" data-id=\"5955c16\" data-element_type=\"widget\" data-e-type=\"widget\" data-settings=\"{&quot;navigation&quot;:&quot;arrows&quot;,&quot;infinite&quot;:&quot;yes&quot;,&quot;transition&quot;:&quot;slide&quot;,&quot;transition_speed&quot;:500}\" data-widget_type=\"slides.default\">\n\t\t\t\t<div class=\"elementor-widget-container\">\n\t\t\t\t\t\t\t\t\t<div class=\"elementor-swiper\">\n\t\t\t\t\t<div class=\"elementor-slides-wrapper elementor-main-swiper swiper\" role=\"region\" aria-roledescription=\"carousel\" aria-label=\"Slides\" dir=\"ltr\" data-animation=\"\">\n\t\t\t\t<div class=\"swiper-wrapper elementor-slides\">\n\t\t\t\t\t\t\t\t\t\t<div class=\"elementor-repeater-item-dc9c1a6 swiper-slide\" role=\"group\" aria-roledescription=\"slide\"><div class=\"swiper-slide-bg\"><\/div><div class=\"swiper-slide-inner\" ><div class=\"swiper-slide-contents\"><div class=\"elementor-slide-heading\">FIEL DE ARMAZ\u00c9M M\/F<\/div><div class=\"elementor-slide-description\"><b>CENTRO LOG\u00cdSTICO:<\/b>\n<br>\n\u2013 P\u00f3voa de Varzim\n<br><br>\n<b>PROCURA-SE:<\/b>\n<br>\n\u2013 Organiza\u00e7\u00e3o e proatividade;\n<br>\n\u2013 Gosto pela \u00e1rea de rece\u00e7\u00e3o, manuseamento, aloca\u00e7\u00e3o e expedi\u00e7\u00e3o de produtos, bem como pelo controlo de entradas e sa\u00eddas de mercadoria;\n<br>\n\u2013 Disponibilidade imediata;\n<br>\n\u2013 Vontade de aprender e esp\u00edrito de entreajuda.\n<br><br>\n<b>OFERECE-SE:<\/b>\n<br>\n\u2013 Vencimento compat\u00edvel com as aptid\u00f5es demonstradas;\n<br>\n\u2013 Possibilidade de progress\u00e3o na empresa.<\/div><\/div><\/div><\/div><div class=\"elementor-repeater-item-901f4ed swiper-slide\" role=\"group\" aria-roledescription=\"slide\"><div class=\"swiper-slide-bg\"><\/div><div class=\"swiper-slide-inner\" ><div class=\"swiper-slide-contents\"><div class=\"elementor-slide-heading\">OPERADORES DE CONSTRU\u00c7\u00c3O CIVIL<\/div><div class=\"elementor-slide-description\"><b>UNIDADE PRODUTIVA:<\/b>\n<br>\n\u2013 Lustosa\n<br><br>\n<b>PROCURA-SE:<\/b>\n<br>\n\u2013 Dinamismo e facilidade de integra\u00e7\u00e3o;\n<br>\n- Experi\u00eancia na \u00e1rea da constru\u00e7\u00e3o civil;\n<br>\n\u2013 Carta de condu\u00e7\u00e3o;\n<br>\n\u2013 Esp\u00edrito de equipa.\n<br><br>\n<b>OFERECE-SE:<\/b>\n<br>\n\u2013 Vencimento compat\u00edvel com as aptid\u00f5es demonstradas.<\/div><\/div><\/div><\/div><div class=\"elementor-repeater-item-dd9dc34 swiper-slide\" role=\"group\" aria-roledescription=\"slide\"><div class=\"swiper-slide-bg\"><\/div><div class=\"swiper-slide-inner\" ><div class=\"swiper-slide-contents\"><div class=\"elementor-slide-heading\">MOTORISTA CATEGORIA D<br>FIEL DE ARMAZ\u00c9M M\/F<\/div><div class=\"elementor-slide-description\"><b>UNIDADE PRODUTIVA:<\/b>\n<br>\n\u2013 Lustosa\n<br><br>\n<b>PROCURA-SE:<\/b>\n<br>\n\u2013 Dianmismo e facilidade de integra\u00e7\u00e3o;\n<br>\n- Carta de condu\u00e7\u00e3o de pesados e passageiros - categoria D;\n<br>\n\u2013 Gosto pela \u00e1rea de rece\u00e7\u00e3o, manuseamento, aloca\u00e7\u00e3o e expedi\u00e7\u00e3o de produtos, bem como pelo controlo de entradas e sa\u00eddas de mercadoria;\n<br>\n\u2013 Esp\u00edrito de equipa.\n<br><br>\n<b>OFERECE-SE:<\/b>\n<br>\n\u2013 Vencimento compat\u00edvel com as aptid\u00f5es demonstradas;\n<br>\n\u2013 Possibilidade de progress\u00e3o na empresa.<\/div><\/div><\/div><\/div><div class=\"elementor-repeater-item-d6be32b swiper-slide\" role=\"group\" aria-roledescription=\"slide\"><div class=\"swiper-slide-bg\"><\/div><div class=\"swiper-slide-inner\" ><div class=\"swiper-slide-contents\"><div class=\"elementor-slide-heading\">COSTUREIRAS<\/div><div class=\"elementor-slide-description\"><b>UNIDADE PRODUTIVA:<\/b>\n<br>\n\u2013 Lustosa;\n<br>\n\u2013 Carvalhos.\n<br><br>\n<b>PROCURA-SE:<\/b>\n<br>\n\u2013 Dinamismo, assiduidade e pontualismo;\n<br>\n\u2013 Facilidade de integra\u00e7\u00e3o e esp\u00edrito de equipa.\n<br><br>\n<b>OFERECE-SE:<\/b>\n<br>\n\u2013 Vencimento compat\u00edvel com a fun\u00e7\u00e3o;\n<br>\n\u2013 Boas condi\u00e7\u00f5es de trabalho.<\/div><\/div><\/div><\/div><div class=\"elementor-repeater-item-33cbab4 swiper-slide\" role=\"group\" aria-roledescription=\"slide\"><div class=\"swiper-slide-bg\"><\/div><div class=\"swiper-slide-inner\" ><div class=\"swiper-slide-contents\"><div class=\"elementor-slide-heading\">BRUNIDEIRAS<\/div><div class=\"elementor-slide-description\"><b>UNIDADE PRODUTIVA:<\/b>\n<br>\n\u2013 Lustosa;\n<br>\n\u2013 Carvalhos.\n<br><br>\n<b>PROCURA-SE:<\/b>\n<br>\n\u2013 Dinamismo, assiduidade e pontualismo;\n<br>\n\u2013 Facilidade de integra\u00e7\u00e3o e esp\u00edrito de equipa.\n<br><br>\n<b>OFERECE-SE:<\/b>\n<br>\n\u2013 Vencimento compat\u00edvel com a fun\u00e7\u00e3o;\n<br>\n\u2013 Boas condi\u00e7\u00f5es de trabalho.<\/div><\/div><\/div><\/div><div class=\"elementor-repeater-item-fdd2a55 swiper-slide\" role=\"group\" aria-roledescription=\"slide\"><div class=\"swiper-slide-bg\"><\/div><div class=\"swiper-slide-inner\" ><div class=\"swiper-slide-contents\"><div class=\"elementor-slide-heading\">MODELISTA<\/div><div class=\"elementor-slide-description\"><b>UNIDADE PRODUTIVA:<\/b>\n<br>\n\u2013 Lustosa\n<br><br>\n<b>PROCURA-SE:<\/b>\n<br>\n\u2013 Responsabilidade e proatividade;\n<br>\n\u2013 Experi\u00eancia em desenvolvimento de moldes;\n<br>\n\u2013 Conhecimentos na \u00e1rea da modelagem;\n<br>\n\u2013 Facilidade de integra\u00e7\u00e3o e esp\u00edrito de equipa.\n<br><br>\n<b>OFERECE-SE:<\/b>\n<br>\n\u2013 Vencimento compat\u00edvel com a fun\u00e7\u00e3o;\n<br>\n\u2013 Possibilidade de progress\u00e3o na empresa.<\/div><\/div><\/div><\/div>\t\t\t\t<\/div>\n\t\t\t\t\t\t\t\t\t\t\t\t\t\t\t<div class=\"elementor-swiper-button elementor-swiper-button-prev\" role=\"button\" tabindex=\"0\" aria-label=\"Previous slide\">\n\t\t\t\t\t\t\t<svg aria-hidden=\"true\" class=\"e-font-icon-svg e-eicon-chevron-left\" viewBox=\"0 0 1000 1000\" xmlns=\"http:\/\/www.w3.org\/2000\/svg\"><path d=\"M646 125C629 125 613 133 604 142L308 442C296 454 292 471 292 487 292 504 296 521 308 533L604 854C617 867 629 875 646 875 663 875 679 871 692 858 704 846 713 829 713 812 713 796 708 779 692 767L438 487 692 225C700 217 708 204 708 187 708 171 704 154 692 142 675 129 663 125 646 125Z\"><\/path><\/svg>\t\t\t\t\t\t<\/div>\n\t\t\t\t\t\t<div class=\"elementor-swiper-button elementor-swiper-button-next\" role=\"button\" tabindex=\"0\" aria-label=\"Next slide\">\n\t\t\t\t\t\t\t<svg aria-hidden=\"true\" class=\"e-font-icon-svg e-eicon-chevron-right\" viewBox=\"0 0 1000 1000\" xmlns=\"http:\/\/www.w3.org\/2000\/svg\"><path d=\"M696 533C708 521 713 504 713 487 713 471 708 454 696 446L400 146C388 133 375 125 354 125 338 125 325 129 313 142 300 154 292 171 292 187 292 204 296 221 308 233L563 492 304 771C292 783 288 800 288 817 288 833 296 850 308 863 321 871 338 875 354 875 371 875 388 867 400 854L696 533Z\"><\/path><\/svg>\t\t\t\t\t\t<\/div>\n\t\t\t\t\t\t\t\t\t\t\t\t\t\t\t\t\t<\/div>\n\t\t\t\t<\/div>\n\t\t\t\t\t\t\t\t<\/div>\n\t\t\t\t<\/div>\n\t\t\t\t<div class=\"elementor-element elementor-element-d00cc06 elementor-widget elementor-widget-heading\" data-id=\"d00cc06\" data-element_type=\"widget\" data-e-type=\"widget\" data-widget_type=\"heading.default\">\n\t\t\t\t<div class=\"elementor-widget-container\">\n\t\t\t\t\t<h1 class=\"elementor-heading-title elementor-size-default\">JUNTA-TE \u00c0 EQUIPA CALVELEX\n<\/h1>\t\t\t\t<\/div>\n\t\t\t\t<\/div>\n\t\t\t\t<div class=\"elementor-element elementor-element-9d4b707 elementor-widget elementor-widget-wpforms\" data-id=\"9d4b707\" data-element_type=\"widget\" data-e-type=\"widget\" data-widget_type=\"wpforms.default\">\n\t\t\t\t<div class=\"elementor-widget-container\">\n\t\t\t\t\t<style id=\"wpforms-css-vars-elementor-widget-9d4b707\">\n\t\t\t\t.elementor-widget-wpforms.elementor-element-9d4b707 {\n\t\t\t\t--wpforms-button-background-color: #95B2A3;\n\t\t\t}\n\t\t\t<\/style><div class=\"wpforms-container wpforms-container-full wpforms-render-modern\" id=\"wpforms-1907\"><form id=\"wpforms-form-1907\" class=\"wpforms-validate wpforms-form\" data-formid=\"1907\" method=\"post\" enctype=\"multipart\/form-data\" action=\"\/pt\/wp-json\/wp\/v2\/pages\/109?wpforms_form_id=1907\" data-token=\"e2a3574e4684c69e0c0f0bbca2e2b365\" data-token-time=\"1776295840\"><noscript class=\"wpforms-error-noscript\">Please enable JavaScript in your browser to complete this form.<\/noscript><div id=\"wpforms-error-noscript\" style=\"display: none;\">Please enable JavaScript in your browser to complete this form.<\/div><div class=\"wpforms-field-container\"><div id=\"wpforms-1907-field_1-container\" class=\"wpforms-field wpforms-field-name\" data-field-id=\"1\"><label class=\"wpforms-field-label\" for=\"wpforms-1907-field_1\">Nome Completo <span class=\"wpforms-required-label\" aria-hidden=\"true\">*<\/span><\/label><input type=\"text\" id=\"wpforms-1907-field_1\" class=\"wpforms-field-medium wpforms-field-required\" name=\"wpforms[fields][1]\" aria-errormessage=\"wpforms-1907-field_1-error\" required><\/div><div id=\"wpforms-1907-field_2-container\" class=\"wpforms-field wpforms-field-email\" data-field-id=\"2\"><label class=\"wpforms-field-label\" for=\"wpforms-1907-field_2\">Email <span class=\"wpforms-required-label\" aria-hidden=\"true\">*<\/span><\/label><input type=\"email\" id=\"wpforms-1907-field_2\" class=\"wpforms-field-medium wpforms-field-required\" name=\"wpforms[fields][2]\" spellcheck=\"false\" aria-errormessage=\"wpforms-1907-field_2-error\" required><\/div><div id=\"wpforms-1907-field_4-container\" class=\"wpforms-field wpforms-field-phone\" data-field-id=\"4\"><label class=\"wpforms-field-label\" for=\"wpforms-1907-field_4\">Contacto <span class=\"wpforms-required-label\" aria-hidden=\"true\">*<\/span><\/label><input type=\"tel\" id=\"wpforms-1907-field_4\" class=\"wpforms-field-medium wpforms-field-required\" data-rule-int-phone-field=\"true\" name=\"wpforms[fields][4]\" aria-label=\"Contacto\" aria-errormessage=\"wpforms-1907-field_4-error\" required><\/div><div id=\"wpforms-1907-field_12-container\" class=\"wpforms-field wpforms-field-select wpforms-field-select-style-classic\" data-field-id=\"12\"><label class=\"wpforms-field-label\" for=\"wpforms-1907-field_12\">Vaga Pretendida<\/label><select id=\"wpforms-1907-field_12\" class=\"wpforms-field-medium\" name=\"wpforms[fields][12]\"><option value=\"Candidatura Espontan\u00eaa\"  selected='selected' class=\"choice-1 depth-1\"  >Candidatura Espontan\u00eaa<\/option><option value=\"Fiel de Armaz\u00e9m M\/F\"  class=\"choice-7 depth-1\"  >Fiel de Armaz\u00e9m M\/F<\/option><option value=\"Operadores de Constru\u00e7\u00e3o Civil\"  class=\"choice-9 depth-1\"  >Operadores de Constru\u00e7\u00e3o Civil<\/option><option value=\"Motorista Categoria D \/ Fiel de Armaz\u00e9m M\/F\"  class=\"choice-8 depth-1\"  >Motorista Categoria D \/ Fiel de Armaz\u00e9m M\/F<\/option><option value=\"Costureiras\"  class=\"choice-4 depth-1\"  >Costureiras<\/option><option value=\"Brunideiras\"  class=\"choice-6 depth-1\"  >Brunideiras<\/option><option value=\"Modelista\"  class=\"choice-5 depth-1\"  >Modelista<\/option><\/select><\/div><div id=\"wpforms-1907-field_13-container\" class=\"wpforms-field wpforms-field-select wpforms-field-select-style-classic\" data-field-id=\"13\"><label class=\"wpforms-field-label\" for=\"wpforms-1907-field_13\">Unidade Produtiva<\/label><select id=\"wpforms-1907-field_13\" class=\"wpforms-field-medium\" name=\"wpforms[fields][13]\"><option value=\"Lustosa\"  class=\"choice-1 depth-1\"  >Lustosa<\/option><option value=\"Matosinhos\"  class=\"choice-2 depth-1\"  >Matosinhos<\/option><option value=\"Carvalhos\"  class=\"choice-3 depth-1\"  >Carvalhos<\/option><option value=\"P\u00f3voa de Varzim\"  class=\"choice-4 depth-1\"  >P\u00f3voa de Varzim<\/option><\/select><\/div><div id=\"wpforms-1907-field_16-container\" class=\"wpforms-field wpforms-field-file-upload\" data-field-id=\"16\"><label class=\"wpforms-field-label\" for=\"wpforms-1907-field_16\">Carregar Ficheiro 1 <span class=\"wpforms-required-label\" aria-hidden=\"true\">*<\/span><\/label><input type=\"file\" id=\"wpforms-1907-field_16\" class=\"wpforms-field-required\" data-rule-extension=\"jpg,jpeg,jpe,gif,png,bmp,tiff,tif,webp,avif,ico,heic,heif,heics,heifs,asf,asx,wmv,wmx,wm,avi,divx,mov,qt,mpeg,mpg,mpe,mp4,m4v,ogv,webm,mkv,3gp,3gpp,3g2,3gp2,txt,asc,c,cc,h,srt,csv,tsv,ics,rtx,css,vtt,mp3,m4a,m4b,aac,ra,ram,wav,x-wav,ogg,oga,flac,mid,midi,wma,wax,mka,rtf,pdf,class,tar,zip,gz,gzip,rar,7z,psd,xcf,doc,pot,pps,ppt,wri,xla,xls,xlt,xlw,mpp,docx,docm,dotx,dotm,xlsx,xlsm,xlsb,xltx,xltm,xlam,pptx,pptm,ppsx,ppsm,potx,potm,ppam,sldx,sldm,onetoc,onetoc2,onepkg,oxps,xps,odt,odp,ods,odg,odc,odb,odf,wp,wpd,key,numbers,pages\" data-rule-maxsize=\"33554432\" name=\"wpforms_1907_16\" accept=\".jpg,.jpeg,.jpe,.gif,.png,.bmp,.tiff,.tif,.webp,.avif,.ico,.heic,.heif,.heics,.heifs,.asf,.asx,.wmv,.wmx,.wm,.avi,.divx,.mov,.qt,.mpeg,.mpg,.mpe,.mp4,.m4v,.ogv,.webm,.mkv,.3gp,.3gpp,.3g2,.3gp2,.txt,.asc,.c,.cc,.h,.srt,.csv,.tsv,.ics,.rtx,.css,.vtt,.mp3,.m4a,.m4b,.aac,.ra,.ram,.wav,.x-wav,.ogg,.oga,.flac,.mid,.midi,.wma,.wax,.mka,.rtf,.pdf,.class,.tar,.zip,.gz,.gzip,.rar,.7z,.psd,.xcf,.doc,.pot,.pps,.ppt,.wri,.xla,.xls,.xlt,.xlw,.mpp,.docx,.docm,.dotx,.dotm,.xlsx,.xlsm,.xlsb,.xltx,.xltm,.xlam,.pptx,.pptm,.ppsx,.ppsm,.potx,.potm,.ppam,.sldx,.sldm,.onetoc,.onetoc2,.onepkg,.oxps,.xps,.odt,.odp,.ods,.odg,.odc,.odb,.odf,.wp,.wpd,.key,.numbers,.pages\" aria-errormessage=\"wpforms-1907-field_16-error\" required><\/div><div id=\"wpforms-1907-field_17-container\" class=\"wpforms-field wpforms-field-file-upload\" data-field-id=\"17\"><label class=\"wpforms-field-label\" for=\"wpforms-1907-field_17\">Carregar Ficheiro 2<\/label><input type=\"file\" id=\"wpforms-1907-field_17\" data-rule-extension=\"jpg,jpeg,jpe,gif,png,bmp,tiff,tif,webp,avif,ico,heic,heif,heics,heifs,asf,asx,wmv,wmx,wm,avi,divx,mov,qt,mpeg,mpg,mpe,mp4,m4v,ogv,webm,mkv,3gp,3gpp,3g2,3gp2,txt,asc,c,cc,h,srt,csv,tsv,ics,rtx,css,vtt,mp3,m4a,m4b,aac,ra,ram,wav,x-wav,ogg,oga,flac,mid,midi,wma,wax,mka,rtf,pdf,class,tar,zip,gz,gzip,rar,7z,psd,xcf,doc,pot,pps,ppt,wri,xla,xls,xlt,xlw,mpp,docx,docm,dotx,dotm,xlsx,xlsm,xlsb,xltx,xltm,xlam,pptx,pptm,ppsx,ppsm,potx,potm,ppam,sldx,sldm,onetoc,onetoc2,onepkg,oxps,xps,odt,odp,ods,odg,odc,odb,odf,wp,wpd,key,numbers,pages\" data-rule-maxsize=\"33554432\" name=\"wpforms_1907_17\" accept=\".jpg,.jpeg,.jpe,.gif,.png,.bmp,.tiff,.tif,.webp,.avif,.ico,.heic,.heif,.heics,.heifs,.asf,.asx,.wmv,.wmx,.wm,.avi,.divx,.mov,.qt,.mpeg,.mpg,.mpe,.mp4,.m4v,.ogv,.webm,.mkv,.3gp,.3gpp,.3g2,.3gp2,.txt,.asc,.c,.cc,.h,.srt,.csv,.tsv,.ics,.rtx,.css,.vtt,.mp3,.m4a,.m4b,.aac,.ra,.ram,.wav,.x-wav,.ogg,.oga,.flac,.mid,.midi,.wma,.wax,.mka,.rtf,.pdf,.class,.tar,.zip,.gz,.gzip,.rar,.7z,.psd,.xcf,.doc,.pot,.pps,.ppt,.wri,.xla,.xls,.xlt,.xlw,.mpp,.docx,.docm,.dotx,.dotm,.xlsx,.xlsm,.xlsb,.xltx,.xltm,.xlam,.pptx,.pptm,.ppsx,.ppsm,.potx,.potm,.ppam,.sldx,.sldm,.onetoc,.onetoc2,.onepkg,.oxps,.xps,.odt,.odp,.ods,.odg,.odc,.odb,.odf,.wp,.wpd,.key,.numbers,.pages\" aria-errormessage=\"wpforms-1907-field_17-error\" ><\/div><div id=\"wpforms-1907-field_14-container\" class=\"wpforms-field wpforms-field-gdpr-checkbox\" data-field-id=\"14\"><label class=\"wpforms-field-label\">Acordo RGPD <span class=\"wpforms-required-label\" aria-hidden=\"true\">*<\/span><\/label><ul id=\"wpforms-1907-field_14\" class=\"wpforms-field-required\"><li class=\"choice-1\"><input type=\"checkbox\" id=\"wpforms-1907-field_14_1\" name=\"wpforms[fields][14][]\" value=\"Li e concordo com a &lt;a href=&quot;https:\/\/www.calvelex.com\/privacy-policy\/&quot;&gt;Politica de Privacidade&lt;\/a&gt; e que a informa\u00e7\u00e3o submetida seja guardada neste website.\" aria-errormessage=\"wpforms-1907-field_14_1-error\" required ><label class=\"wpforms-field-label-inline\" for=\"wpforms-1907-field_14_1\">Li e concordo com a <a href=\"https:\/\/www.calvelex.com\/privacy-policy\/\">Politica de Privacidade<\/a> e que a informa\u00e7\u00e3o submetida seja guardada neste website.<\/label><\/li><\/ul><\/div><div id=\"wpforms-1907-field_10-container\" class=\"wpforms-field wpforms-field-textarea\" data-field-id=\"10\"><label class=\"wpforms-field-label\" for=\"wpforms-1907-field_10\">Informa\u00e7\u00e3o adicional:<\/label><textarea id=\"wpforms-1907-field_10\" class=\"wpforms-field-medium\" name=\"wpforms[fields][10]\" aria-errormessage=\"wpforms-1907-field_10-error\" ><\/textarea><\/div><\/div><!-- .wpforms-field-container --><div class=\"wpforms-field wpforms-field-hp\"><label for=\"wpforms-1907-field-hp\" class=\"wpforms-field-label\">Email<\/label><input type=\"text\" name=\"wpforms[hp]\" id=\"wpforms-1907-field-hp\" class=\"wpforms-field-medium\"><\/div><div class=\"wpforms-recaptcha-container wpforms-is-recaptcha wpforms-is-recaptcha-type-invisible\" ><div class=\"g-recaptcha\" data-sitekey=\"6Lfh4twUAAAAAFGNsNlyC9odezsYhEq6Y0Ga1Z4k\" data-size=\"invisible\"><\/div><\/div><div class=\"wpforms-submit-container\" ><input type=\"hidden\" name=\"wpforms[id]\" value=\"1907\"><input type=\"hidden\" name=\"page_title\" value=\"\"><input type=\"hidden\" name=\"page_url\" value=\"https:\/\/www.calvelex.com\/pt\/wp-json\/wp\/v2\/pages\/109\"><input type=\"hidden\" name=\"url_referer\" value=\"\"><button type=\"submit\" name=\"wpforms[submit]\" id=\"wpforms-submit-1907\" class=\"wpforms-submit\" data-alt-text=\"A enviar...\" data-submit-text=\"Submeter\" aria-live=\"assertive\" value=\"wpforms-submit\">Submeter<\/button><\/div><\/form><\/div>  <!-- .wpforms-container -->\t\t\t\t<\/div>\n\t\t\t\t<\/div>\n\t\t\t\t\t<\/div>\n\t\t\t\t<\/div>\n\t\t\t\t<\/div>\n\t\t","protected":false},"excerpt":{"rendered":"<p>CALVELEX RECRUTAMENTO VAGAS DISPON\u00cdVEIS FIEL DE ARMAZ\u00c9M M\/FCENTRO LOG\u00cdSTICO: \u2013 P\u00f3voa de Varzim PROCURA-SE: \u2013 Organiza\u00e7\u00e3o e proatividade; \u2013 Gosto pela \u00e1rea de rece\u00e7\u00e3o, manuseamento, aloca\u00e7\u00e3o e expedi\u00e7\u00e3o de produtos, bem como pelo controlo de entradas e sa\u00eddas de mercadoria; \u2013 Disponibilidade imediata; \u2013 Vontade de aprender e esp\u00edrito de entreajuda. OFERECE-SE: \u2013 Vencimento compat\u00edvel [&hellip;]<\/p>\n","protected":false},"author":2,"featured_media":0,"parent":0,"menu_order":0,"comment_status":"closed","ping_status":"closed","template":"","meta":{"footnotes":""},"class_list":["post-109","page","type-page","status-publish","hentry"],"_links":{"self":[{"href":"https:\/\/www.calvelex.com\/pt\/wp-json\/wp\/v2\/pages\/109","targetHints":{"allow":["GET"]}}],"collection":[{"href":"https:\/\/www.calvelex.com\/pt\/wp-json\/wp\/v2\/pages"}],"about":[{"href":"https:\/\/www.calvelex.com\/pt\/wp-json\/wp\/v2\/types\/page"}],"author":[{"embeddable":true,"href":"https:\/\/www.calvelex.com\/pt\/wp-json\/wp\/v2\/users\/2"}],"replies":[{"embeddable":true,"href":"https:\/\/www.calvelex.com\/pt\/wp-json\/wp\/v2\/comments?post=109"}],"version-history":[{"count":59,"href":"https:\/\/www.calvelex.com\/pt\/wp-json\/wp\/v2\/pages\/109\/revisions"}],"predecessor-version":[{"id":2298,"href":"https:\/\/www.calvelex.com\/pt\/wp-json\/wp\/v2\/pages\/109\/revisions\/2298"}],"wp:attachment":[{"href":"https:\/\/www.calvelex.com\/pt\/wp-json\/wp\/v2\/media?parent=109"}],"curies":[{"name":"wp","href":"https:\/\/api.w.org\/{rel}","templated":true}]}}